{"id":2508,"date":"2024-08-01T08:40:53","date_gmt":"2024-08-01T11:40:53","guid":{"rendered":"https:\/\/incobio.com.br\/?page_id=2508"},"modified":"2024-08-02T09:15:27","modified_gmt":"2024-08-02T12:15:27","slug":"politica-sulla-riservatezza","status":"publish","type":"page","link":"https:\/\/incobio.com.br\/it\/politica-sulla-riservatezza\/","title":{"rendered":"Politica sulla riservatezza"},"content":{"rendered":"\n<h2 class=\"wp-block-heading\"><strong>Informativa sulla privacy dei dati di Incobio<\/strong><\/h2>\n\n\n\n<p>INCOBIO IND\u00daSTRIA E COM\u00c9RCIO DE BIOMASSA LTDA valorizza soprattutto i rapporti di fiducia e rispetto con clienti, partner, fornitori e dipendenti. Pertanto, la Data Privacy Policy mira a illustrare tutti i controlli attualmente adottati, volti alla protezione e alla riservatezza dei dati personali e sensibili raccolti, con mezzi digitali e non, per l&#8217;adempimento degli scopi aziendali nel pieno rispetto delle leggi e dei regolamenti vigenti, in particolare Legge 13.709\/18 \u2013 Legge generale sulla protezione dei dati (LGPD).<\/p>\n\n\n\n<h2 class=\"wp-block-heading\"><strong>Principi fondamentali sulla privacy di Incobio:<\/strong><\/h2>\n\n\n\n<ul class=\"wp-block-list\">\n<li>Non inviamo messaggi email, chiamate o WhatsApp chiedendo dati personali (se non con il consenso dell&#8217;utente) o pubblicizzando prodotti.<\/li>\n\n\n\n<li>Non raccogliamo dati personali tramite cookie sulle piattaforme digitali di Incobio.<\/li>\n\n\n\n<li>Manteniamo aperti i nostri canali di comunicazione, attraverso il nostro sito web, i social network e il contatto telefonico.<\/li>\n\n\n\n<li>I dati personali raccolti, previo consenso, nei moduli di registrazione su questo sito e sugli altri social network Incobio, vengono rimossi dal nostro database dopo 6 mesi dalla registrazione.<\/li>\n<\/ul>\n\n\n\n<h2 class=\"wp-block-heading\"><strong>Principali Dati Personali che potranno essere trattati da Incobio:<\/strong><\/h2>\n\n\n\n<ul class=\"wp-block-list\">\n<li>Dati di registrazione: include nome completo, stato civile, data di nascita, documenti di identit\u00e0.<\/li>\n\n\n\n<li>Dati sui contenuti dell&#8217;utente: includono tutte le informazioni che possono essere pubblicate e\/o condivise dall&#8217;utente sulle nostre piattaforme.<\/li>\n\n\n\n<li>Dati di contatto: includono indirizzo di casa e di lavoro, e-mail, numeri di telefono.<\/li>\n\n\n\n<li>Dati del candidato al lavoro: include i dati di registrazione, i dati di contatto e le informazioni contenute nei CV.<\/li>\n<\/ul>\n\n\n\n<h2 class=\"wp-block-heading\"><strong>Principali finalit\u00e0 del Trattamento dei Dati Personali (entro i limiti legali applicabili):<\/strong><\/h2>\n\n\n\n<ul class=\"wp-block-list\">\n<li>Rispondere alle domande degli utenti e inviarti informazioni amministrative, sui servizi o richieste di informazioni, comunicare con noi su ordini, acquisti, resi, servizi, campagne, programmi e account;<\/li>\n\n\n\n<li>Rispettare gli obblighi legali, come la conservazione dei registri di accesso degli utenti derivanti dal Marco Civil da Internet;<\/li>\n\n\n\n<li>Proteggere i diritti, la privacy, la sicurezza o la propriet\u00e0 di Incobio, del consumatore e di terzi, anche quando si agisce nei procedimenti legali applicabili;<\/li>\n\n\n\n<li>Rispondere alle richieste delle autorit\u00e0 pubbliche e governative, anche straniere;<\/li>\n\n\n\n<li>Rilevare, prevenire o indagare su possibili incidenti di sicurezza o frodi;<\/li>\n\n\n\n<li>A Plataforma pode possuir links para outros sites e servi\u00e7os online de terceiros e a utiliza\u00e7\u00e3o de tais sites e servi\u00e7os est\u00e1 sujeita a termos de uso e pol\u00edtica de privacidade de tais terceiros. Esta Pol\u00edtica de Privacidade n\u00e3o trata das pr\u00e1ticas de privacidade e prote\u00e7\u00e3o de dados realizada por terceiros.&nbsp;&nbsp;<\/li>\n\n\n\n<li>La Piattaforma pu\u00f2 contenere collegamenti ad altri siti Web e servizi online di terzi e l&#8217;utilizzo di tali siti Web e servizi \u00e8 soggetto ai termini di utilizzo e all&#8217;informativa sulla privacy di tali terzi. La presente Informativa sulla privacy non affronta le pratiche di privacy e protezione dei dati effettuate da terze parti. Non intendiamo che le Piattaforme Incobio o altri servizi online raccolgano o sollecitino consapevolmente informazioni da soggetti di et\u00e0 inferiore a 13 anni o consentano a chiunque di et\u00e0 inferiore a 13 anni di divulgare i propri Dati personali attraverso le Piattaforme. Le Piattaforme sono rivolte a soggetti a cui \u00e8 consentito condividere i propri Dati Personali senza il consenso dei genitori.<\/li>\n<\/ul>\n\n\n\n<h2 class=\"wp-block-heading\"><strong>Diritti dell&#8217;utente secondo la LGPD:<\/strong><\/h2>\n\n\n\n<p>In conformit\u00e0 con la Legge Generale sulla Protezione dei Dati, ti informiamo che i diritti dell&#8217;utente sono:<\/p>\n\n\n\n<ul class=\"wp-block-list\">\n<li>Conoscere come vengono trattati i dati;<\/li>\n\n\n\n<li>Confermare il trattamento dei dati personali;<\/li>\n\n\n\n<li>Accedere, richiedere e ricevere dati personali in formato portatile;<\/li>\n\n\n\n<li>Richiedere la correzione dei dati personali;<\/li>\n\n\n\n<li>Opporsi alla condivisione dei dati personali;<\/li>\n\n\n\n<li>Richiedere la cancellazione dei dati personali;<\/li>\n\n\n\n<li>Gestire i consensi concessi.<\/li>\n<\/ul>\n\n\n\n<h2 class=\"wp-block-heading\"><strong>Disposizioni generali:<\/strong><\/h2>\n\n\n\n<p>Incobio pu\u00f2 modificare la Politica sulla Privacy dei Dati in qualsiasi momento. L&#8217;uso delle informazioni raccolte ora \u00e8 soggetto all&#8217;Informativa sulla privacy allora vigente. Le modifiche alle modalit\u00e0 di utilizzo dei Dati Personali verranno comunicate tramite un annuncio sulla Piattaforma.<\/p>\n\n\n\n<p>L&#8217;uso continuato dei servizi dopo la data di entrata in vigore delle eventuali modifiche apportate e comunicate preventivamente costituisce accettazione della Privacy Policy modificata o modificata da parte dell&#8217;utente, cliente e\/o consumatore.<\/p>\n\n\n\n<p>La presente Informativa sulla privacy \u00e8 regolata dalle leggi brasiliane. Per la risoluzione dei conflitti derivanti dal presente documento viene eletta la giurisdizione del Distretto di Concordia\/SC, ad eccezione dei reclami presentati da clienti e\/o consumatori che rientrano nella nozione di legge, i quali potranno sottoporre tali reclami alla giurisdizione del proprio domicilio.<\/p>\n\n\n\n<p>Ti ringraziamo per aver effettuato l&#8217;accesso a questa piattaforma Incobio. Prima di navigare su qualsiasi sito web e social network dell&#8217;azienda, se lo desideri, puoi richiedere la lettura della Politica sulla protezione dei dati completa, procedendo solo se sei d&#8217;accordo con questo documento.<\/p>\n\n\n\n<p><strong>Per qualsiasi domanda, reclamo o richiesta relativa al trattamento dei dati personali o alla politica sulla privacy di INCOBIO, si prega di contattare il responsabile:<\/strong><br><strong><br>Gestore dati:<br>Cristiane Carla Gasperini<br>privacidade@incobio.com.br<\/strong><\/p>\n","protected":false},"excerpt":{"rendered":"<p>Informativa sulla privacy dei dati di Incobio INCOBIO IND\u00daSTRIA E COM\u00c9RCIO DE BIOMASSA LTDA valorizza soprattutto i rapporti di fiducia e rispetto con clienti, partner, fornitori e dipendenti. Pertanto, la Data Privacy Policy mira a illustrare tutti i controlli attualmente adottati, volti alla protezione e alla riservatezza dei dati personali e sensibili raccolti, con mezzi [&hellip;]<\/p>\n","protected":false},"author":1,"featured_media":0,"parent":0,"menu_order":0,"comment_status":"closed","ping_status":"closed","template":"single-politica-de-privacidade.php","meta":{"rank_math_lock_modified_date":false,"inline_featured_image":false,"footnotes":""},"class_list":["post-2508","page","type-page","status-publish","hentry"],"acf":[],"_links":{"self":[{"href":"https:\/\/incobio.com.br\/it\/wp-json\/wp\/v2\/pages\/2508","targetHints":{"allow":["GET"]}}],"collection":[{"href":"https:\/\/incobio.com.br\/it\/wp-json\/wp\/v2\/pages"}],"about":[{"href":"https:\/\/incobio.com.br\/it\/wp-json\/wp\/v2\/types\/page"}],"author":[{"embeddable":true,"href":"https:\/\/incobio.com.br\/it\/wp-json\/wp\/v2\/users\/1"}],"replies":[{"embeddable":true,"href":"https:\/\/incobio.com.br\/it\/wp-json\/wp\/v2\/comments?post=2508"}],"version-history":[{"count":2,"href":"https:\/\/incobio.com.br\/it\/wp-json\/wp\/v2\/pages\/2508\/revisions"}],"predecessor-version":[{"id":2518,"href":"https:\/\/incobio.com.br\/it\/wp-json\/wp\/v2\/pages\/2508\/revisions\/2518"}],"wp:attachment":[{"href":"https:\/\/incobio.com.br\/it\/wp-json\/wp\/v2\/media?parent=2508"}],"curies":[{"name":"wp","href":"https:\/\/api.w.org\/{rel}","templated":true}]}}